{"id":281,"date":"2023-10-04T12:23:07","date_gmt":"2023-10-04T12:23:07","guid":{"rendered":"https:\/\/www.greenescape.si\/kontakt\/"},"modified":"2025-07-24T06:57:47","modified_gmt":"2025-07-24T06:57:47","slug":"contact","status":"publish","type":"page","link":"https:\/\/www.greenescape.si\/en\/contact\/","title":{"rendered":"CONTACT"},"content":{"rendered":"","protected":false},"excerpt":{"rendered":"","protected":false},"author":1,"featured_media":0,"parent":0,"menu_order":0,"comment_status":"open","ping_status":"closed","template":"","meta":{"footnotes":""},"class_list":["post-281","page","type-page","status-publish","hentry"],"yoast_head":"<!-- This site is optimized with the Yoast SEO plugin v25.4 - https:\/\/yoast.com\/wordpress\/plugins\/seo\/ -->\n<title>CONTACT - Green Escape<\/title>\n<meta name=\"robots\" content=\"index, follow, max-snippet:-1, max-image-preview:large, max-video-preview:-1\" \/>\n<link rel=\"canonical\" href=\"https:\/\/www.greenescape.si\/en\/contact\/\" \/>\n<meta property=\"og:locale\" content=\"en_US\" \/>\n<meta property=\"og:type\" content=\"article\" \/>\n<meta property=\"og:title\" content=\"CONTACT - Green Escape\" \/>\n<meta property=\"og:url\" content=\"https:\/\/www.greenescape.si\/en\/contact\/\" \/>\n<meta property=\"og:site_name\" content=\"Green Escape\" \/>\n<meta property=\"article:modified_time\" content=\"2025-07-24T06:57:47+00:00\" \/>\n<meta name=\"twitter:card\" content=\"summary_large_image\" \/>\n<script type=\"application\/ld+json\" class=\"yoast-schema-graph\">{\"@context\":\"https:\/\/schema.org\",\"@graph\":[{\"@type\":\"WebPage\",\"@id\":\"https:\/\/www.greenescape.si\/en\/contact\/\",\"url\":\"https:\/\/www.greenescape.si\/en\/contact\/\",\"name\":\"CONTACT - Green Escape\",\"isPartOf\":{\"@id\":\"https:\/\/www.greenescape.si\/#website\"},\"datePublished\":\"2023-10-04T12:23:07+00:00\",\"dateModified\":\"2025-07-24T06:57:47+00:00\",\"breadcrumb\":{\"@id\":\"https:\/\/www.greenescape.si\/en\/contact\/#breadcrumb\"},\"inLanguage\":\"en-US\",\"potentialAction\":[{\"@type\":\"ReadAction\",\"target\":[\"https:\/\/www.greenescape.si\/en\/contact\/\"]}]},{\"@type\":\"BreadcrumbList\",\"@id\":\"https:\/\/www.greenescape.si\/en\/contact\/#breadcrumb\",\"itemListElement\":[{\"@type\":\"ListItem\",\"position\":1,\"name\":\"Home\",\"item\":\"https:\/\/www.greenescape.si\/en\/\"},{\"@type\":\"ListItem\",\"position\":2,\"name\":\"CONTACT\"}]},{\"@type\":\"WebSite\",\"@id\":\"https:\/\/www.greenescape.si\/#website\",\"url\":\"https:\/\/www.greenescape.si\/\",\"name\":\"Green Escape\",\"description\":\"Na slikovitem gri\u010du v vasici Gori\u010de vas pri\u010dakuje Green Escape, garni hotel, kjer se udobje sre\u010da z naravno harmonijo - dobrodo\u0161li!\",\"publisher\":{\"@id\":\"https:\/\/www.greenescape.si\/#organization\"},\"potentialAction\":[{\"@type\":\"SearchAction\",\"target\":{\"@type\":\"EntryPoint\",\"urlTemplate\":\"https:\/\/www.greenescape.si\/?s={search_term_string}\"},\"query-input\":{\"@type\":\"PropertyValueSpecification\",\"valueRequired\":true,\"valueName\":\"search_term_string\"}}],\"inLanguage\":\"en-US\"},{\"@type\":\"Organization\",\"@id\":\"https:\/\/www.greenescape.si\/#organization\",\"name\":\"Green Escape\",\"url\":\"https:\/\/www.greenescape.si\/\",\"logo\":{\"@type\":\"ImageObject\",\"inLanguage\":\"en-US\",\"@id\":\"https:\/\/www.greenescape.si\/#\/schema\/logo\/image\/\",\"url\":\"https:\/\/www.greenescape.si\/wp-content\/uploads\/2025\/06\/cropped-LOGO-CRN.png\",\"contentUrl\":\"https:\/\/www.greenescape.si\/wp-content\/uploads\/2025\/06\/cropped-LOGO-CRN.png\",\"width\":512,\"height\":512,\"caption\":\"Green Escape\"},\"image\":{\"@id\":\"https:\/\/www.greenescape.si\/#\/schema\/logo\/image\/\"}}]}<\/script>\n<!-- \/ Yoast SEO plugin. -->","yoast_head_json":{"title":"CONTACT - Green Escape","robots":{"index":"index","follow":"follow","max-snippet":"max-snippet:-1","max-image-preview":"max-image-preview:large","max-video-preview":"max-video-preview:-1"},"canonical":"https:\/\/www.greenescape.si\/en\/contact\/","og_locale":"en_US","og_type":"article","og_title":"CONTACT - Green Escape","og_url":"https:\/\/www.greenescape.si\/en\/contact\/","og_site_name":"Green Escape","article_modified_time":"2025-07-24T06:57:47+00:00","twitter_card":"summary_large_image","schema":{"@context":"https:\/\/schema.org","@graph":[{"@type":"WebPage","@id":"https:\/\/www.greenescape.si\/en\/contact\/","url":"https:\/\/www.greenescape.si\/en\/contact\/","name":"CONTACT - Green Escape","isPartOf":{"@id":"https:\/\/www.greenescape.si\/#website"},"datePublished":"2023-10-04T12:23:07+00:00","dateModified":"2025-07-24T06:57:47+00:00","breadcrumb":{"@id":"https:\/\/www.greenescape.si\/en\/contact\/#breadcrumb"},"inLanguage":"en-US","potentialAction":[{"@type":"ReadAction","target":["https:\/\/www.greenescape.si\/en\/contact\/"]}]},{"@type":"BreadcrumbList","@id":"https:\/\/www.greenescape.si\/en\/contact\/#breadcrumb","itemListElement":[{"@type":"ListItem","position":1,"name":"Home","item":"https:\/\/www.greenescape.si\/en\/"},{"@type":"ListItem","position":2,"name":"CONTACT"}]},{"@type":"WebSite","@id":"https:\/\/www.greenescape.si\/#website","url":"https:\/\/www.greenescape.si\/","name":"Green Escape","description":"Na slikovitem gri\u010du v vasici Gori\u010de vas pri\u010dakuje Green Escape, garni hotel, kjer se udobje sre\u010da z naravno harmonijo - dobrodo\u0161li!","publisher":{"@id":"https:\/\/www.greenescape.si\/#organization"},"potentialAction":[{"@type":"SearchAction","target":{"@type":"EntryPoint","urlTemplate":"https:\/\/www.greenescape.si\/?s={search_term_string}"},"query-input":{"@type":"PropertyValueSpecification","valueRequired":true,"valueName":"search_term_string"}}],"inLanguage":"en-US"},{"@type":"Organization","@id":"https:\/\/www.greenescape.si\/#organization","name":"Green Escape","url":"https:\/\/www.greenescape.si\/","logo":{"@type":"ImageObject","inLanguage":"en-US","@id":"https:\/\/www.greenescape.si\/#\/schema\/logo\/image\/","url":"https:\/\/www.greenescape.si\/wp-content\/uploads\/2025\/06\/cropped-LOGO-CRN.png","contentUrl":"https:\/\/www.greenescape.si\/wp-content\/uploads\/2025\/06\/cropped-LOGO-CRN.png","width":512,"height":512,"caption":"Green Escape"},"image":{"@id":"https:\/\/www.greenescape.si\/#\/schema\/logo\/image\/"}}]}},"_links":{"self":[{"href":"https:\/\/www.greenescape.si\/en\/wp-json\/wp\/v2\/pages\/281","targetHints":{"allow":["GET"]}}],"collection":[{"href":"https:\/\/www.greenescape.si\/en\/wp-json\/wp\/v2\/pages"}],"about":[{"href":"https:\/\/www.greenescape.si\/en\/wp-json\/wp\/v2\/types\/page"}],"author":[{"embeddable":true,"href":"https:\/\/www.greenescape.si\/en\/wp-json\/wp\/v2\/users\/1"}],"replies":[{"embeddable":true,"href":"https:\/\/www.greenescape.si\/en\/wp-json\/wp\/v2\/comments?post=281"}],"version-history":[{"count":2,"href":"https:\/\/www.greenescape.si\/en\/wp-json\/wp\/v2\/pages\/281\/revisions"}],"predecessor-version":[{"id":286,"href":"https:\/\/www.greenescape.si\/en\/wp-json\/wp\/v2\/pages\/281\/revisions\/286"}],"wp:attachment":[{"href":"https:\/\/www.greenescape.si\/en\/wp-json\/wp\/v2\/media?parent=281"}],"curies":[{"name":"wp","href":"https:\/\/api.w.org\/{rel}","templated":true}]}}